{"id":1118,"date":"2022-11-20T22:25:53","date_gmt":"2022-11-20T22:25:53","guid":{"rendered":"https:\/\/neuronthemes.com\/archzilla\/?page_id=1118"},"modified":"2025-07-30T14:45:02","modified_gmt":"2025-07-30T14:45:02","slug":"contact-us","status":"publish","type":"page","link":"https:\/\/circlestudio.ro\/en\/contact-us\/","title":{"rendered":"Contact Us"},"content":{"rendered":"<div data-elementor-type=\"wp-page\" data-elementor-id=\"1118\" class=\"elementor elementor-1118\">\n\t\t\t\t\t\t<section class=\"elementor-section elementor-top-section elementor-element elementor-element-4895993 elementor-section-height-min-height elementor-section-boxed elementor-section-height-default elementor-section-items-middle\" data-id=\"4895993\" data-element_type=\"section\">\n\t\t\t\t\t\t<div class=\"elementor-container elementor-column-gap-default\">\n\t\t\t\t\t<div class=\"elementor-column elementor-col-100 elementor-top-column elementor-element elementor-element-3506521\" data-id=\"3506521\" data-element_type=\"column\">\n\t\t\t<div class=\"elementor-widget-wrap elementor-element-populated\">\n\t\t\t\t\t\t<div class=\"elementor-element elementor-element-4695227 animated-slow a-animated-heading__direction-column a-animated-heading__direction-tablet-column elementor-invisible elementor-widget elementor-widget-neuron-animated-heading\" data-id=\"4695227\" data-element_type=\"widget\" data-settings=\"{&quot;neuron_animations_duration&quot;:&quot;animated-fast&quot;,&quot;animation_delay&quot;:50,&quot;animated_text&quot;:&quot;Suntem un studio de arhitectur\\u0103 \\u0219i design interior. Vrei s\\u0103 lucr\\u0103m \\u00eempreun\\u0103? &lt;u&gt;Contacteaz\\u0103-ne&lt;\\\/u&gt;&quot;,&quot;neuron_animations_duration_tablet&quot;:&quot;animated-fast&quot;,&quot;neuron_animations_duration_mobile&quot;:&quot;animated-fast&quot;,&quot;animation_delay_tablet&quot;:50,&quot;animation_delay_mobile&quot;:50,&quot;animated_animation&quot;:&quot;h-neuron-animation--tiltUp&quot;,&quot;_animation&quot;:&quot;h-neuron-animation--tiltUp&quot;,&quot;_animation_delay&quot;:300,&quot;style&quot;:&quot;animated&quot;,&quot;animated_type&quot;:&quot;line&quot;}\" data-widget_type=\"neuron-animated-heading.default\">\n\t\t\t\t<div class=\"elementor-widget-container\">\n\t\t\t\t\t\t\t<h2 class=\"a-animated-heading a-animated-heading--animated a-animated-heading--animated__line\" data-id=\"4695227\">\r\n\r\n\t\t\t\r\n\t\t\t<span class=\"a-animated-heading__text--dynamic-wrapper a-animated-heading__text\"><\/span>\r\n\r\n\t\t\t\r\n\t\t<\/h2>\r\n\t\t\t\t\t\t<\/div>\n\t\t\t\t<\/div>\n\t\t\t\t\t<\/div>\n\t\t<\/div>\n\t\t\t\t\t<\/div>\n\t\t<\/section>\n\t\t<div class=\"elementor-element elementor-element-a3a492c e-con-full e-flex e-con e-parent\" data-id=\"a3a492c\" data-element_type=\"container\">\n\t\t\t\t<div class=\"elementor-element elementor-element-a89e962 elementor-widget elementor-widget-html\" data-id=\"a89e962\" data-element_type=\"widget\" data-widget_type=\"html.default\">\n\t\t\t\t\t<iframe src=\"https:\/\/www.google.com\/maps\/embed?pb=!1m18!1m12!1m3!1d2848.052300878113!2d26.10556277586555!3d44.45259877107541!2m3!1f0!2f0!3f0!3m2!1i1024!2i768!4f13.1!3m3!1m2!1s0x40b1f8b17e4bf271%3A0x9cdb6f5da4ab5438!2s%C8%98oseaua%20%C8%98tefan%20cel%20Mare%2030%2C%20Bucure%C8%99ti!5e0!3m2!1sen!2sro!4v1753112101799!5m2!1sen!2sro\" width=\"600\" height=\"450\" style=\"border:0;\" allowfullscreen=\"\" loading=\"lazy\" referrerpolicy=\"no-referrer-when-downgrade\"><\/iframe>\t\t\t\t<\/div>\n\t\t\t\t<\/div>\n\t\t\t\t<section class=\"elementor-section elementor-top-section elementor-element elementor-element-c40b7b5 elementor-section-boxed elementor-section-height-default elementor-section-height-default\" data-id=\"c40b7b5\" data-element_type=\"section\" data-settings=\"{&quot;background_background&quot;:&quot;classic&quot;}\">\n\t\t\t\t\t\t\t<div class=\"elementor-background-overlay\"><\/div>\n\t\t\t\t\t\t\t<div class=\"elementor-container elementor-column-gap-default\">\n\t\t\t\t\t<div class=\"elementor-column elementor-col-50 elementor-top-column elementor-element elementor-element-c379545\" data-id=\"c379545\" data-element_type=\"column\">\n\t\t\t<div class=\"elementor-widget-wrap elementor-element-populated\">\n\t\t\t\t\t\t<div class=\"elementor-element elementor-element-517de0a elementor-invisible elementor-widget elementor-widget-heading\" data-id=\"517de0a\" data-element_type=\"widget\" data-settings=\"{&quot;_animation&quot;:&quot;h-neuron-animation--slideUp&quot;}\" data-widget_type=\"heading.default\">\n\t\t\t\t\t<h4 class=\"elementor-heading-title elementor-size-default\">Would you like to collaborate? <br \/>\n<u>Contact us<\/u><\/h4>\t\t\t\t<\/div>\n\t\t\t\t<div class=\"elementor-element elementor-element-fb8d07f elementor-icon-list--layout-traditional elementor-list-item-link-full_width elementor-invisible elementor-widget elementor-widget-icon-list\" data-id=\"fb8d07f\" data-element_type=\"widget\" data-settings=\"{&quot;_animation&quot;:&quot;h-neuron-animation--fadeIn&quot;}\" data-widget_type=\"icon-list.default\">\n\t\t\t\t\t\t\t<ul class=\"elementor-icon-list-items\">\n\t\t\t\t\t\t\t<li class=\"elementor-icon-list-item\">\n\t\t\t\t\t\t\t\t\t\t<span class=\"elementor-icon-list-text\">Stefan cel Mare 30, Bucharest<\/span>\n\t\t\t\t\t\t\t\t\t<\/li>\n\t\t\t\t\t\t\t\t<li class=\"elementor-icon-list-item\">\n\t\t\t\t\t\t\t\t\t\t\t<a href=\"mailto:conlectio@neuronrhemes.com\">\n\n\t\t\t\t\t\t\t\t\t\t\t<span class=\"elementor-icon-list-text\">office@circlestudio.ro<\/span>\n\t\t\t\t\t\t\t\t\t\t\t<\/a>\n\t\t\t\t\t\t\t\t\t<\/li>\n\t\t\t\t\t\t\t\t<li class=\"elementor-icon-list-item\">\n\t\t\t\t\t\t\t\t\t\t\t<a href=\"tel:\u202d+40741277456\u202c\">\n\n\t\t\t\t\t\t\t\t\t\t\t<span class=\"elementor-icon-list-text\">\u202d+40 (741) 277 456\u202c<\/span>\n\t\t\t\t\t\t\t\t\t\t\t<\/a>\n\t\t\t\t\t\t\t\t\t<\/li>\n\t\t\t\t\t\t<\/ul>\n\t\t\t\t\t\t<\/div>\n\t\t\t\t\t<\/div>\n\t\t<\/div>\n\t\t\t\t<div class=\"elementor-column elementor-col-50 elementor-top-column elementor-element elementor-element-ea21487\" data-id=\"ea21487\" data-element_type=\"column\">\n\t\t\t<div class=\"elementor-widget-wrap elementor-element-populated\">\n\t\t\t\t\t\t<div class=\"elementor-element elementor-element-97fa8df elementor-invisible elementor-widget elementor-widget-neuron-form\" data-id=\"97fa8df\" data-element_type=\"widget\" data-settings=\"{&quot;_animation&quot;:&quot;h-neuron-animation--slideUp&quot;}\" data-widget_type=\"neuron-form.default\">\n\t\t\t\t<div class=\"elementor-widget-container\">\n\t\t\t\t\t\t\t<form class=\"m-neuron-form\" method=\"post\" name=\"New Form\" action=\"\">\r\n\t\t\t<input type=\"hidden\" name=\"post_id\" value=\"1118\"\/>\r\n\t\t\t<input type=\"hidden\" name=\"form_id\" value=\"97fa8df\"\/>\r\n\r\n\t\t\t\t\t\t<div class=\"m-neuron-form__field-group--text m-neuron-form__field-group elementor-repeater-item-a61bedd\">\r\n\t\t\t\t<label for=\"form-field-name\" class=\"m-neuron-form__label\">Name<\/label><input size=\"1\" type=\"text\" name=\"form_fields[name]\" id=\"form-field-name\" class=\"m-neuron-form__field h-neuron-size-sm  m-neuron-form__input\" placeholder=\"Name\">\t\t\t<\/div>\r\n\t\t\t\t\t\t<div class=\"m-neuron-form__field-group--text m-neuron-form__field-group elementor-repeater-item-9714be7\">\r\n\t\t\t\t<label for=\"form-field-name\" class=\"m-neuron-form__label\">Surname<\/label><input size=\"1\" type=\"text\" name=\"form_fields[name]\" id=\"form-field-name\" class=\"m-neuron-form__field h-neuron-size-sm  m-neuron-form__input\" placeholder=\"Surname\">\t\t\t<\/div>\r\n\t\t\t\t\t\t<div class=\"m-neuron-form__field-group--email m-neuron-form__field-group elementor-repeater-item-7093c7e m-neuron-form__field-group--required\">\r\n\t\t\t\t<label for=\"form-field-email\" class=\"m-neuron-form__label\">Email<\/label><input size=\"1\" type=\"email\" name=\"form_fields[email]\" id=\"form-field-email\" class=\"m-neuron-form__field h-neuron-size-sm  m-neuron-form__input\" placeholder=\"Email Address\" required=\"required\" aria-required=\"true\">\t\t\t<\/div>\r\n\t\t\t\t\t\t<div class=\"m-neuron-form__field-group--tel m-neuron-form__field-group elementor-repeater-item-0cc78af m-neuron-form__field-group--required\">\r\n\t\t\t\t<label for=\"form-field-email\" class=\"m-neuron-form__label\">Phone No#<\/label><input size=\"1\" type=\"tel\" name=\"form_fields[email]\" id=\"form-field-email\" class=\"m-neuron-form__field h-neuron-size-sm  m-neuron-form__field\" placeholder=\"Phone Number\" required=\"required\" aria-required=\"true\" pattern=\"[0-9()#&amp;+*-=.]+\" title=\"Only numbers and phone characters (#, -, *, etc) are accepted.\">\t\t\t<\/div>\r\n\t\t\t\t\t\t<div class=\"m-neuron-form__field-group--textarea m-neuron-form__field-group elementor-repeater-item-93f4048\">\r\n\t\t\t\t<label for=\"form-field-message\" class=\"m-neuron-form__label\">Message<\/label><textarea class=\"m-neuron-form__field  h-neuron-size-sm\" name=\"form_fields[message]\" id=\"form-field-message\" rows=\"4\" placeholder=\"Write your message here...\"><\/textarea>\t\t\t<\/div>\r\n\t\t\t\t\t\t<div class=\"m-neuron-form__field-group m-neuron-form__button\">\r\n\t\t\t\t<button type=\"submit\" class=\"m-neuron-form__submit-button a-neuron-button h-neuron-size--md\">\r\n\t\t\t\t\t<span >\r\n\t\t\t\t\t\t\t\t\t\t\t\t\t<span class=\"m-neuron-form__button-icon\">\r\n\t\t\t\t\t\t\t\t\t\t\t\t\t\t\t\t\t\t\t\t\t\t\t<\/span>\r\n\t\t\t\t\t\t\t\t\t\t\t\t\t\t\t\t\t\t\t<span class=\"m-neuron-form__button-text\">Send Message<\/span>\r\n\t\t\t\t\t\t\t\t\t\t\t<\/span>\r\n\t\t\t\t<\/button>\r\n\t\t\t<\/div>\r\n\t\t<input type=\"hidden\" name=\"trp-form-language\" value=\"en\"\/><\/form>\r\n\t\t\t\t\t\t<\/div>\n\t\t\t\t<\/div>\n\t\t\t\t\t<\/div>\n\t\t<\/div>\n\t\t\t\t\t<\/div>\n\t\t<\/section>\n\t\t\t\t<\/div>","protected":false},"excerpt":{"rendered":"<p>\u00ce\u021bi dore\u0219ti s\u0103 colabor\u0103m? Contacteaz\u0103-ne \u0218tefan cel Mare 30, Bucuresti office@circlestudio.ro \u202d+40 (741) 277 456\u202c<\/p>","protected":false},"author":1,"featured_media":0,"parent":0,"menu_order":0,"comment_status":"closed","ping_status":"closed","template":"","meta":{"footnotes":""},"class_list":["post-1118","page","type-page","status-publish","hentry"],"_links":{"self":[{"href":"https:\/\/circlestudio.ro\/en\/wp-json\/wp\/v2\/pages\/1118","targetHints":{"allow":["GET"]}}],"collection":[{"href":"https:\/\/circlestudio.ro\/en\/wp-json\/wp\/v2\/pages"}],"about":[{"href":"https:\/\/circlestudio.ro\/en\/wp-json\/wp\/v2\/types\/page"}],"author":[{"embeddable":true,"href":"https:\/\/circlestudio.ro\/en\/wp-json\/wp\/v2\/users\/1"}],"replies":[{"embeddable":true,"href":"https:\/\/circlestudio.ro\/en\/wp-json\/wp\/v2\/comments?post=1118"}],"version-history":[{"count":0,"href":"https:\/\/circlestudio.ro\/en\/wp-json\/wp\/v2\/pages\/1118\/revisions"}],"wp:attachment":[{"href":"https:\/\/circlestudio.ro\/en\/wp-json\/wp\/v2\/media?parent=1118"}],"curies":[{"name":"wp","href":"https:\/\/api.w.org\/{rel}","templated":true}]}}